{"id":80,"date":"2016-02-17T20:51:51","date_gmt":"2016-02-17T20:51:51","guid":{"rendered":"http:\/\/jade-blick.de\/?page_id=80"},"modified":"2021-05-16T15:49:32","modified_gmt":"2021-05-16T15:49:32","slug":"kontakt","status":"publish","type":"page","link":"https:\/\/jade-blick.de\/?page_id=80","title":{"rendered":"Kontakt &#038; Impressum"},"content":{"rendered":"<p>Haben wir Sie neugierig gemacht? Haben Sie Fragen? Wollen Sie eine unserer Ferienwohnungen buchen?<\/p>\n<p>Dann melden Sie sich gerne unter unserer Telefonnummer 0160 &#8211; 279 1992 (auch per what&#8217;s app) oder per Mail: <a href=\"mailto:info@jade-blick.de\">info@jade-blick.de<\/a><\/p>\n<p>Auch auf Facebook finden Sie uns, wenn Sie einen Facebook-Account besitzen: <a href=\"https:\/\/www.facebook.com\/FeWoJadeBlick\/?ref=ts&amp;fref=ts\">FeWoJadeBlick<\/a><\/p>\n<p>&nbsp;<\/p>\n<p>Wir freuen uns, Sie als unsere G\u00e4ste in Dangast begr\u00fc\u00dfen zu k\u00f6nnen,<\/p>\n<p>Ihre Familie Brinkmann<\/p>\n<p>&nbsp;<\/p>\n<div class=\"main-content clearfix t--pt-xl m--pt-xxl m--bg-black-3\">\n<div class=\"row df fd-r m--fd-c  \">\n<div class=\"column f-1 \">\n<h2>Impressum<\/h2>\n<\/div>\n<\/div>\n<div>\n<div>\n<p>Ferienwohnungen Jade-Blick<br \/>\nFamilie Brinkmann<br \/>\nSchmidt-Rottluff-Stra\u00dfe 39DE-26316 Varel<\/p>\n<p>www.jade-blick.de<br \/>\n<a href=\"mailto:info@traum-ferienwohnungen.de?subject=Anfrage%20%C3%BCber%20Internetseite\">info@jade-blick.de<\/a><\/p>\n<p>Steuernummer 70\/239\/84101<\/p>\n<\/div>\n<div>\n<p>IBAN : DE30 3006 0601 0204 0554 14<\/p>\n<p>BIC : DAAEDEDDXXX<\/p>\n<p><strong>Haftungshinweis<\/strong><\/p>\n<p>Trotz sorgf\u00e4ltiger inhaltlicher Kontrolle \u00fcbernehmen wir keine Haftung f\u00fcr die Inhalte externer Links. F\u00fcr den Inhalt der verlinkten Seiten sind ausschlie\u00dflich deren Betreiber verantwortlich.<\/p>\n<p><strong>Alternative Streitbeilegung<\/strong><\/p>\n<p>Die Europ\u00e4ische Kommission stellt eine Plattform zur Online-Streitbeilegung (OS) bereit. Dieses Portal finden sie hier:&nbsp;<a href=\"http:\/\/ec.europa.eu\/consumers\/odr\/\" target=\"_blank\" rel=\"nofollow noopener\">http:\/\/ec.europa.eu\/consumers\/odr\/<\/a>.<\/p>\n<\/div>\n<\/div>\n<\/div>\n","protected":false},"excerpt":{"rendered":"<p>Haben wir Sie neugierig gemacht? Haben Sie Fragen? Wollen Sie eine unserer Ferienwohnungen buchen? Dann melden Sie sich gerne unter unserer Telefonnummer 0160 &#8211; 279 1992 (auch per what&#8217;s app) oder per Mail: info@jade-blick.de Auch auf Facebook finden Sie uns, wenn Sie einen Facebook-Account besitzen: FeWoJadeBlick &nbsp; Wir freuen uns, Sie als unsere G\u00e4ste in [&hellip;]<\/p>\n","protected":false},"author":1,"featured_media":0,"parent":0,"menu_order":5,"comment_status":"closed","ping_status":"closed","template":"","meta":{"footnotes":""},"class_list":["post-80","page","type-page","status-publish","hentry"],"_links":{"self":[{"href":"https:\/\/jade-blick.de\/index.php?rest_route=\/wp\/v2\/pages\/80","targetHints":{"allow":["GET"]}}],"collection":[{"href":"https:\/\/jade-blick.de\/index.php?rest_route=\/wp\/v2\/pages"}],"about":[{"href":"https:\/\/jade-blick.de\/index.php?rest_route=\/wp\/v2\/types\/page"}],"author":[{"embeddable":true,"href":"https:\/\/jade-blick.de\/index.php?rest_route=\/wp\/v2\/users\/1"}],"replies":[{"embeddable":true,"href":"https:\/\/jade-blick.de\/index.php?rest_route=%2Fwp%2Fv2%2Fcomments&post=80"}],"version-history":[{"count":4,"href":"https:\/\/jade-blick.de\/index.php?rest_route=\/wp\/v2\/pages\/80\/revisions"}],"predecessor-version":[{"id":230,"href":"https:\/\/jade-blick.de\/index.php?rest_route=\/wp\/v2\/pages\/80\/revisions\/230"}],"wp:attachment":[{"href":"https:\/\/jade-blick.de\/index.php?rest_route=%2Fwp%2Fv2%2Fmedia&parent=80"}],"curies":[{"name":"wp","href":"https:\/\/api.w.org\/{rel}","templated":true}]}}