{"id":40,"date":"2016-02-17T19:53:58","date_gmt":"2016-02-17T19:53:58","guid":{"rendered":"http:\/\/jade-blick.de\/?page_id=40"},"modified":"2016-02-17T20:55:53","modified_gmt":"2016-02-17T20:55:53","slug":"anreise","status":"publish","type":"page","link":"https:\/\/jade-blick.de\/?page_id=40","title":{"rendered":"Anreise"},"content":{"rendered":"<h2>Unsere Adresse f\u00fcr Ihr Navigationssystem:<\/h2>\n<p>St\u00f6rtebekerstra\u00dfe 31, 26316 Varel-Dangast<\/p>\n<h2><\/h2>\n<h2>Anreise mit dem PKW:<\/h2>\n<p>Unsere Ferienwohnungen Jade-Blick finden Sie, nachdem Sie die BAB 29 aus S\u00fcden kommend an der Ausfahrt &#8222;Varel-Bockhorn&#8220; verlassen haben, links abgebogen und gleich wieder rechts abgebogen sind, anschlie\u00dfend nach links der Stra\u00dfe &#8222;Zum Jadebusen&#8220; ca. 6 km nach Dangast gefolgt sind, indem Sie an der Ampel in Dangast rechts abbiegen in die Stra\u00dfe &#8222;Auf der Gast&#8220;, dann die 3. Stra\u00dfe links in die &#8222;St\u00f6rtebekerstra\u00dfe&#8220; einbiegen. Das drittletzte Haus auf der rechten Stra\u00dfenseite beherbergt unsere Ferienwohnungen &#8222;Jade-Blick&#8220; &#8211; Ihr Urlaubsziel!<\/p>\n<p>&nbsp;<\/p>\n<h2>Anreise mit \u00f6ffentlichen Verkehrsmitteln:<\/h2>\n<p>Mit \u00f6ffentlichen Verkehrsmitteln reisen Sie bitte mit der Bahn zum Bahnhof Varel, von dort verkehrt mehrmals t\u00e4glich die Buslinie 253 nach Dangast. Hier steigen Sie an der Haltestelle &#8222;OLB&#8220; aus, biegen rechts in den Fu\u00dfweg &#8222;Am alten Deich&#8220; ein, dem Sie immer geradeaus folgen, bis Sie die St\u00f6rtebekerstra\u00dfe kreuzen, auf der Sie dann links abbiegen zu Ihrem Urlaubsdomizil &#8211; den &#8222;Ferienwohnungen Jade-Blick&#8220;<\/p>\n","protected":false},"excerpt":{"rendered":"<p>Unsere Adresse f\u00fcr Ihr Navigationssystem: St\u00f6rtebekerstra\u00dfe 31, 26316 Varel-Dangast Anreise mit dem PKW: Unsere Ferienwohnungen Jade-Blick finden Sie, nachdem Sie die BAB 29 aus S\u00fcden kommend an der Ausfahrt &#8222;Varel-Bockhorn&#8220; verlassen haben, links abgebogen und gleich wieder rechts abgebogen sind, anschlie\u00dfend nach links der Stra\u00dfe &#8222;Zum Jadebusen&#8220; ca. 6 km nach Dangast gefolgt sind, indem [&hellip;]<\/p>\n","protected":false},"author":1,"featured_media":0,"parent":0,"menu_order":4,"comment_status":"closed","ping_status":"closed","template":"","meta":{"footnotes":""},"class_list":["post-40","page","type-page","status-publish","hentry"],"_links":{"self":[{"href":"https:\/\/jade-blick.de\/index.php?rest_route=\/wp\/v2\/pages\/40","targetHints":{"allow":["GET"]}}],"collection":[{"href":"https:\/\/jade-blick.de\/index.php?rest_route=\/wp\/v2\/pages"}],"about":[{"href":"https:\/\/jade-blick.de\/index.php?rest_route=\/wp\/v2\/types\/page"}],"author":[{"embeddable":true,"href":"https:\/\/jade-blick.de\/index.php?rest_route=\/wp\/v2\/users\/1"}],"replies":[{"embeddable":true,"href":"https:\/\/jade-blick.de\/index.php?rest_route=%2Fwp%2Fv2%2Fcomments&post=40"}],"version-history":[{"count":1,"href":"https:\/\/jade-blick.de\/index.php?rest_route=\/wp\/v2\/pages\/40\/revisions"}],"predecessor-version":[{"id":41,"href":"https:\/\/jade-blick.de\/index.php?rest_route=\/wp\/v2\/pages\/40\/revisions\/41"}],"wp:attachment":[{"href":"https:\/\/jade-blick.de\/index.php?rest_route=%2Fwp%2Fv2%2Fmedia&parent=40"}],"curies":[{"name":"wp","href":"https:\/\/api.w.org\/{rel}","templated":true}]}}