{"id":227,"date":"2021-05-16T15:45:03","date_gmt":"2021-05-16T15:45:03","guid":{"rendered":"http:\/\/jade-blick.de\/?page_id=227"},"modified":"2023-01-08T15:00:41","modified_gmt":"2023-01-08T15:00:41","slug":"allgemeine-geschaeftsbedingungen","status":"publish","type":"page","link":"https:\/\/jade-blick.de\/?page_id=227","title":{"rendered":"Allg. Gesch\u00e4ftsbedingungen"},"content":{"rendered":"\n<p><strong>1. Anreise \/ Abreise<\/strong><\/p>\n\n\n\n<p>Die Anreise erfolgt am Anreisetag ab 16.00 Uhr, die Abreise muss am Abreisetag bis sp\u00e4testens 10.00 Uhr erfolgen. Ausnahmen von diesen Zeiten sind nur im Einzelfall und nur nach pers\u00f6nlicher Absprache mit dem Vermieter m\u00f6glich!<\/p>\n\n\n\n<p>Sollte der Mieter am Anreisetag bis 22.00 Uhr nicht erscheinen, gilt der Vertrag nach einer Frist von 24 Stunden ohne Benachrichtigung an den Vermieter als gek\u00fcndigt. Der Vermieter oder dessen Vertreter kann dann \u00fcber das Objekt frei verf\u00fcgen. Eine (anteilige) R\u00fcckzahlung der Miete aufgrund verfr\u00fchter Abreise erfolgt grunds\u00e4tzlich nicht.<\/p>\n\n\n\n<p><strong>2. Sonderw\u00fcnsche und Nebenabreden<\/strong><\/p>\n\n\n\n<p>sind grunds\u00e4tzlich m\u00f6glich. Sie bed\u00fcrfen der schriftlichen Best\u00e4tigung durch den Vermieter. Bei Haustieren ist die Anzahl sowie Art und Gr\u00f6\u00dfe anzugeben.<\/p>\n\n\n\n<p><strong>3. Bezahlung<\/strong><\/p>\n\n\n\n<p>Der Mietvertrag erh\u00e4lt mit Eingang der Anzahlung auf das Konto des Vermieters seine G\u00fcltigkeit. Die Anzahlung in H\u00f6he von 10% des Mietbetrages ist innerhalb von drei Tagen nach Erhalt der Buchungsunterlagen zur Zahlung f\u00e4llig. Nach der erfolgten Anzahlung wird 10 Tage vor Reiseantritt die Zahlung des Restbetrages f\u00e4llig. Werden die Zahlungsfristen nicht eingehalten, so kann der Vermieter vom Vertrag zur\u00fccktreten. Die Nichtzahlung gilt als R\u00fccktritt und berechtigt zur Neuvermietung, die Anzahlung wird in diesem Falle einbehalten.<\/p>\n\n\n\n<p>Nebenkosten f\u00fcr Wasser, PKW-Stellplatz, Abfall werden nicht erhoben. Die Energiekosten sind ebenso wie die Internetnutzung (W-Lan) im Mietzins enthalten.<\/p>\n\n\n\n<p><strong>4. R\u00fccktritt<\/strong><\/p>\n\n\n\n<p>Sie k\u00f6nnen jederzeit vom Vertrag zur\u00fccktreten. \u2028 Der R\u00fccktritt muss schriftlich erfolgen. Im Falle des R\u00fccktritts sind Sie zum Ersatz des uns entstandenen Schadens verpflichtet:<\/p>\n\n\n\n<ul class=\"wp-block-list\">\n<li>vom Tag der Buchungsbest\u00e4tigung durch den Vermieter bis zur F\u00e4lligkeit der Anzahlung keine Entsch\u00e4digung<\/li>\n\n\n\n<li>vom Tag der Anzahlung bis zum 10. Tag vor Mietbeginn H\u00f6he der Anzahlung<\/li>\n\n\n\n<li>vom 10. Tag bis zum 3. Tag vor Mietbeginn 50% des Gesamtpreises<\/li>\n\n\n\n<li>am 2. Tag vor Mietbeginn 75% des Gesamtpreises <\/li>\n\n\n\n<li>Bei einem R\u00fccktritt ab einem Tag vor Mietbeginn ist der volle Reisepreis zu zahlen. <\/li>\n<\/ul>\n\n\n\n<p>Es z\u00e4hlt jeweils das Empfangsdatum Ihrer R\u00fccktrittsnachricht. Bereits eingezahlte Betr\u00e4ge werden verrechnet. Wenn die Wohnung nach Ihrem R\u00fccktritt wieder vermietet werden kann, kann eine anteilige Erstattung erfolgen, dies jedoch in direkter Absprache zwischen Ihnen und uns und ohne Rechtsverbindlichkeit.<\/p>\n\n\n\n<ul class=\"wp-block-list\">\n<li><strong>5. Pflichten des Mieters<\/strong><\/li>\n<\/ul>\n\n\n\n<p>Der Mieter verpflichtet sich, die gemieteten Sachen (Ferienwohnung, Inventar und Au\u00dfenanlagen) pfleglich zu behandeln. Wenn w\u00e4hrend des Mietverh\u00e4ltnisses Sch\u00e4den an der Ferienwohnung und \/ oder deren Inventar auftreten, ist der Mieter verpflichtet, dies unverz\u00fcglich dem Vermieter anzuzeigen. \u2028<\/p>\n\n\n\n<p>Bereits bei der Ankunft festgestellte M\u00e4ngel und Sch\u00e4den m\u00fcssen sofort beim Vermieter gemeldet werden, ansonsten haftet der Mieter f\u00fcr diese Sch\u00e4den. Zur Beseitigung von Sch\u00e4den und M\u00e4ngeln ist eine angemessene Frist einzur\u00e4umen. Anspr\u00fcche aus Beanstandungen, die nicht unverz\u00fcglich vor Ort gemeldet werden, sind ausgeschlossen. Reklamationen, die erst am Ende des Aufenthaltes bzw. nach Verlassen des Ferienhauses bei dem Vermieter eingehen, sind ebenfalls vom Schadenersatz ausgeschlossen.<\/p>\n\n\n\n<p>Bei eventuell auftretenden Leistungsst\u00f6rungen ist der Mieter verpflichtet, alles im Rahmen seiner gesetzlichen Verpflichtung Zumutbare zu tun, um zu einer Behebung der St\u00f6rung beizutragen und eventuell entstandenen Schaden gering zu halten. \u2028<\/p>\n\n\n\n<p>Am Abreisetag sind vom Mieter pers\u00f6nliche Gegenst\u00e4nde zu entfernen, der Hausm\u00fcll ist in die vorgesehenen Beh\u00e4lter zu entsorgen, Geschirr ist sauber und abgewaschen in den K\u00fcchenschr\u00e4nken zu lagern. Bei Mitbuchung von Bettw\u00e4sche sind die Betten bei Abreise abzuziehen und die Bettw\u00e4sche in der Wohnung zu belassen.<\/p>\n\n\n\n<p><strong>6. Datenschutz<\/strong><\/p>\n\n\n\n<p>Der Mieter erkl\u00e4rt sich damit einverstanden, dass im Rahmen des mit ihm abgeschlossenen Vertrages notwendige Daten \u00fcber seine Person gespeichert, ge\u00e4ndert und \/ oder gel\u00f6scht werden. Alle pers\u00f6nlichen Daten werden absolut vertraulich behandelt. Daneben gilt die zu unterschreibende Datenschutzerkl\u00e4rung bez\u00fcglich der Weitergabe der personenbezogenen Daten an die Kurverwaltung Dangast zur Erhebung des Kurbeitrages.<\/p>\n\n\n\n<p><strong>7. Haftung<\/strong><\/p>\n\n\n\n<p>Die Ausschreibung wurde nach bestem Wissen erstellt. F\u00fcr eine Beeinflussung des Mietobjektes durch h\u00f6here Gewalt, durch landes\u00fcbliche Strom- und Wasserausf\u00e4lle und Unwetter wird nicht gehaftet. Ebenso wird nicht gehaftet bei Eintritt unvorhersehbarer oder unvermeidbarer Umst\u00e4nde wie z.B. beh\u00f6rdlicher Anordnung, pl\u00f6tzlicher Baustelle oder f\u00fcr St\u00f6rungen durch naturbedingte und \u00f6rtliche Begebenheiten. Der Vermieter ist aber gern bei der Behebung der Probleme (soweit dies m\u00f6glich ist) behilflich.\u2028<\/p>\n\n\n\n<p>Eine Haftung des Vermieters f\u00fcr die Benutzung der bereitgestellten Spiel- und Sportger\u00e4te ist ausgeschlossen. Die An- und Abreise des Mieters erfolgt in eigener Verantwortung und Haftung. Der Vermieter haftet nicht f\u00fcr pers\u00f6nliche Gegenst\u00e4nde bei Diebstahl oder Feuer. F\u00fcr mutwillige Zerst\u00f6rungen bzw. Sch\u00e4den haftet der Mieter in vollem Umfang.<\/p>\n\n\n\n<p><strong>8. Schlussbestimmungen<\/strong><\/p>\n\n\n\n<p>Fotos und Text auf der Webseite dienen der realistischen Beschreibung der Ferienwohnung. Die 100-prozentige \u00dcbereinstimmung mit dem Mietobjekt kann nicht gew\u00e4hrleistet werden. Der Vermieter beh\u00e4lt sich \u00c4nderungen der Ausstattung (z. B. M\u00f6bel) vor, sofern sie gleichwertig sind.<\/p>\n\n\n\n<p>Sollten eine oder mehrere Bestimmungen dieser Gesch\u00e4ftsbedingungen unwirksam sein oder werden, ber\u00fchrt dies die Wirksamkeit der \u00fcbrigen Bedingungen nicht. Die unwirksame Regelung ist durch eine wirksame zu ersetzen, die dem wirtschaftlichen und rechtlichem Willen der Vertragsparteien am nahesten kommt.\u2028<\/p>\n\n\n\n<p>Es gilt deutsches Recht. Gerichtsstand und Erf\u00fcllungsort ist der Wohnort des Vermieters.<\/p>\n","protected":false},"excerpt":{"rendered":"<p>1. Anreise \/ Abreise Die Anreise erfolgt am Anreisetag ab 16.00 Uhr, die Abreise muss am Abreisetag bis sp\u00e4testens 10.00 Uhr erfolgen. Ausnahmen von diesen Zeiten sind nur im Einzelfall und nur nach pers\u00f6nlicher Absprache mit dem Vermieter m\u00f6glich! Sollte der Mieter am Anreisetag bis 22.00 Uhr nicht erscheinen, gilt der Vertrag nach einer Frist [&hellip;]<\/p>\n","protected":false},"author":1,"featured_media":0,"parent":0,"menu_order":5,"comment_status":"closed","ping_status":"closed","template":"","meta":{"footnotes":""},"class_list":["post-227","page","type-page","status-publish","hentry"],"_links":{"self":[{"href":"https:\/\/jade-blick.de\/index.php?rest_route=\/wp\/v2\/pages\/227","targetHints":{"allow":["GET"]}}],"collection":[{"href":"https:\/\/jade-blick.de\/index.php?rest_route=\/wp\/v2\/pages"}],"about":[{"href":"https:\/\/jade-blick.de\/index.php?rest_route=\/wp\/v2\/types\/page"}],"author":[{"embeddable":true,"href":"https:\/\/jade-blick.de\/index.php?rest_route=\/wp\/v2\/users\/1"}],"replies":[{"embeddable":true,"href":"https:\/\/jade-blick.de\/index.php?rest_route=%2Fwp%2Fv2%2Fcomments&post=227"}],"version-history":[{"count":4,"href":"https:\/\/jade-blick.de\/index.php?rest_route=\/wp\/v2\/pages\/227\/revisions"}],"predecessor-version":[{"id":318,"href":"https:\/\/jade-blick.de\/index.php?rest_route=\/wp\/v2\/pages\/227\/revisions\/318"}],"wp:attachment":[{"href":"https:\/\/jade-blick.de\/index.php?rest_route=%2Fwp%2Fv2%2Fmedia&parent=227"}],"curies":[{"name":"wp","href":"https:\/\/api.w.org\/{rel}","templated":true}]}}