{"id":2,"date":"2015-10-31T19:50:16","date_gmt":"2015-10-31T19:50:16","guid":{"rendered":"http:\/\/jade-blick.de\/?page_id=2"},"modified":"2023-09-23T21:15:11","modified_gmt":"2023-09-23T21:15:11","slug":"sample-page","status":"publish","type":"page","link":"https:\/\/jade-blick.de\/","title":{"rendered":"Herzlich willkommen"},"content":{"rendered":"<p><span style=\"color: #000080;\"><span style=\"font-family: Apple Casual;\">\u00a0auf unserer Internetpr\u00e4senz. Wir pr\u00e4sentieren Ihnen hier Bilder, Beschreibungen, Preise, Verf\u00fcgbarkeiten und weitere Informationen zu unseren vier Ferienwohnungen und unserem malerischen Fleckchen Erde am Jadebusen -Dangast-. Seit 2023 k\u00f6nnen Sie unsere Wohnungen auch direkt auf dieser Seite online buchen und unseren Buchungskalender einsehen.<br \/>\n<\/span><\/span><\/p>\n<p><span style=\"color: #000080;\"><span style=\"font-family: Apple Casual;\">Ende 2016 haben wir unsere Einfahrt neu gestaltet und die Parksituation dtl. verbessert, so dass nun vier gro\u00dfz\u00fcgige Parkpl\u00e4tze auf dem Grundst\u00fcck zur Verf\u00fcgung stehen, zudem haben wir den Flur und das Schlafzimmer der Wohnung oben links komplett neu gestaltet und K\u00fcche und Schlafzimmer in der Wohnung unten links modernisiert. 2018 folgte die Modernisierung der Schlafzimmer oben und unten rechts, 2020 wurde das Wohnzimmer oben links saniert und wir haben neue Dachfl\u00e4chenfenster einbauen lassen, 2021 haben wir das Treppenhaus saniert und 2022 das Wohnzimmer im Ergeschoss rechts saniert. Auch unser kleines Gartenhaus haben wir 2022 abgerissen und an dieser Stelle ein neues Gartenhaus errichtet, in dem Sie Ihre Fahrr\u00e4der wettergesch\u00fctzt abstellen k\u00f6nnen.<\/span><\/span><\/p>\n<p><span style=\"color: #000080;\"><span style=\"font-family: Apple Casual;\">Ein gro\u00dfer Schritt in Richtung nachhaltiger(er) Urlaub war uns wichtig und ist 2023 in die Tat umgesetzt worden-unsere eigene Photovoltaikanlage. Wir produzieren nun unseren eigenen Strom, der durch unseren Speicher auch optimal genutzt werden kann. F\u00fcr unsere E-Mobilit\u00e4tsg\u00e4ste haben wir auch gleich eine moderne Wallbox zum Aufladen des Elektroautos installieren lassen.<\/span><\/span><\/p>\n<p><span style=\"color: #000080;\"><span style=\"font-family: Apple Casual;\">Sie erreichen uns f\u00fcr R\u00fcckfragen oder Buchungsanfragen jederzeit \u00fcber die Mailadresse <a href=\"mailto:info@jade-blick.de\">info@jade-blick.de<\/a> oder \u00fcber unsere Handynummer 0160 \u2013 279 1992 sowie bei Facebook <a href=\"https:\/\/www.facebook.com\/FeWoJadeBlick\/?ref=ts&amp;fref=ts\" target=\"_blank\" rel=\"noopener noreferrer\">FeWoJadeBlick<\/a><br \/>\n<\/span><\/span><\/p>\n<p><span style=\"color: #000080;\"><span style=\"font-family: Apple Casual;\">Ihre Familie<\/span><\/span><\/p>\n<p><span style=\"color: #000080;\"><span style=\"font-family: Apple Casual;\">Antonia und Tim Brinkmann<\/span><\/span><\/p>\n<p><a href=\"https:\/\/jade-blick.de\/wp-content\/uploads\/2015\/10\/IMG_7678.jpg\"><img loading=\"lazy\" decoding=\"async\" class=\"alignnone size-medium wp-image-120\" src=\"https:\/\/jade-blick.de\/wp-content\/uploads\/2015\/10\/IMG_7678-200x300.jpg\" alt=\"img_7678\" width=\"200\" height=\"300\" srcset=\"https:\/\/jade-blick.de\/wp-content\/uploads\/2015\/10\/IMG_7678-200x300.jpg 200w, https:\/\/jade-blick.de\/wp-content\/uploads\/2015\/10\/IMG_7678-768x1152.jpg 768w, https:\/\/jade-blick.de\/wp-content\/uploads\/2015\/10\/IMG_7678-683x1024.jpg 683w\" sizes=\"auto, (max-width: 200px) 100vw, 200px\" \/><\/a><a href=\"https:\/\/jade-blick.de\/wp-content\/uploads\/2020\/07\/IMG_4628-scaled.jpg\"><img loading=\"lazy\" decoding=\"async\" class=\" wp-image-169 alignnone\" src=\"https:\/\/jade-blick.de\/wp-content\/uploads\/2020\/07\/IMG_4628-200x300.jpg\" alt=\"\" width=\"200\" height=\"294\" \/><\/a><a href=\"https:\/\/jade-blick.de\/wp-content\/uploads\/2023\/09\/IMG_1543-scaled.jpg\"><img loading=\"lazy\" decoding=\"async\" class=\"alignnone size-medium wp-image-359\" src=\"https:\/\/jade-blick.de\/wp-content\/uploads\/2023\/09\/IMG_1543-225x300.jpg\" alt=\"\" width=\"225\" height=\"300\" srcset=\"https:\/\/jade-blick.de\/wp-content\/uploads\/2023\/09\/IMG_1543-225x300.jpg 225w, https:\/\/jade-blick.de\/wp-content\/uploads\/2023\/09\/IMG_1543-768x1024.jpg 768w, https:\/\/jade-blick.de\/wp-content\/uploads\/2023\/09\/IMG_1543-1152x1536.jpg 1152w, https:\/\/jade-blick.de\/wp-content\/uploads\/2023\/09\/IMG_1543-1536x2048.jpg 1536w, https:\/\/jade-blick.de\/wp-content\/uploads\/2023\/09\/IMG_1543-scaled.jpg 1920w\" sizes=\"auto, (max-width: 225px) 100vw, 225px\" \/><\/a><a href=\"https:\/\/jade-blick.de\/wp-content\/uploads\/2020\/07\/IMG_4626-scaled.jpg\"><img loading=\"lazy\" decoding=\"async\" class=\"alignnone  wp-image-167\" src=\"https:\/\/jade-blick.de\/wp-content\/uploads\/2020\/07\/IMG_4626-300x200.jpg\" alt=\"\" width=\"294\" height=\"200\" \/><\/a><a href=\"https:\/\/jade-blick.de\/wp-content\/uploads\/2023\/09\/IMG_1542-scaled.jpg\"><img loading=\"lazy\" decoding=\"async\" class=\"alignnone wp-image-358 size-medium\" src=\"https:\/\/jade-blick.de\/wp-content\/uploads\/2023\/09\/IMG_1542-300x225.jpg\" alt=\"\" width=\"300\" height=\"225\" srcset=\"https:\/\/jade-blick.de\/wp-content\/uploads\/2023\/09\/IMG_1542-300x225.jpg 300w, https:\/\/jade-blick.de\/wp-content\/uploads\/2023\/09\/IMG_1542-1024x768.jpg 1024w, https:\/\/jade-blick.de\/wp-content\/uploads\/2023\/09\/IMG_1542-768x576.jpg 768w, https:\/\/jade-blick.de\/wp-content\/uploads\/2023\/09\/IMG_1542-1536x1152.jpg 1536w, https:\/\/jade-blick.de\/wp-content\/uploads\/2023\/09\/IMG_1542-2048x1536.jpg 2048w\" sizes=\"auto, (max-width: 300px) 100vw, 300px\" \/><\/a><\/p>\n<p><span style=\"color: #000080;\"><span style=\"font-family: Apple Casual;\">Ferienwohnungen Jade-Blick, St\u00f6rtebekerstra\u00dfe 31, 26316 Varel<br \/>\n<\/span><\/span><\/p>\n","protected":false},"excerpt":{"rendered":"<p>\u00a0auf unserer Internetpr\u00e4senz. Wir pr\u00e4sentieren Ihnen hier Bilder, Beschreibungen, Preise, Verf\u00fcgbarkeiten und weitere Informationen zu unseren vier Ferienwohnungen und unserem malerischen Fleckchen Erde am Jadebusen -Dangast-. Seit 2023 k\u00f6nnen Sie unsere Wohnungen auch direkt auf dieser Seite online buchen und unseren Buchungskalender einsehen. Ende 2016 haben wir unsere Einfahrt neu gestaltet und die Parksituation dtl. [&hellip;]<\/p>\n","protected":false},"author":1,"featured_media":0,"parent":0,"menu_order":1,"comment_status":"closed","ping_status":"closed","template":"","meta":{"footnotes":""},"class_list":["post-2","page","type-page","status-publish","hentry"],"_links":{"self":[{"href":"https:\/\/jade-blick.de\/index.php?rest_route=\/wp\/v2\/pages\/2","targetHints":{"allow":["GET"]}}],"collection":[{"href":"https:\/\/jade-blick.de\/index.php?rest_route=\/wp\/v2\/pages"}],"about":[{"href":"https:\/\/jade-blick.de\/index.php?rest_route=\/wp\/v2\/types\/page"}],"author":[{"embeddable":true,"href":"https:\/\/jade-blick.de\/index.php?rest_route=\/wp\/v2\/users\/1"}],"replies":[{"embeddable":true,"href":"https:\/\/jade-blick.de\/index.php?rest_route=%2Fwp%2Fv2%2Fcomments&post=2"}],"version-history":[{"count":17,"href":"https:\/\/jade-blick.de\/index.php?rest_route=\/wp\/v2\/pages\/2\/revisions"}],"predecessor-version":[{"id":362,"href":"https:\/\/jade-blick.de\/index.php?rest_route=\/wp\/v2\/pages\/2\/revisions\/362"}],"wp:attachment":[{"href":"https:\/\/jade-blick.de\/index.php?rest_route=%2Fwp%2Fv2%2Fmedia&parent=2"}],"curies":[{"name":"wp","href":"https:\/\/api.w.org\/{rel}","templated":true}]}}